{"id":7030,"date":"2024-07-24T07:17:32","date_gmt":"2024-07-24T07:17:32","guid":{"rendered":"https:\/\/wpecomus.com\/jewelry\/cart\/"},"modified":"2025-07-04T17:27:33","modified_gmt":"2025-07-04T14:27:33","slug":"sepetim","status":"publish","type":"page","link":"https:\/\/www.diandraistanbul.com\/en\/sepetim\/","title":{"rendered":"My basket"},"content":{"rendered":"<div data-elementor-type=\"wp-page\" data-elementor-id=\"7030\" class=\"elementor elementor-7030\">\n\t\t\t\t<div class=\"elementor-element elementor-element-3776ed01 e-flex e-con-boxed ecomus-responsive-column ecomus-tablet-column--default ecomus-responsive-column ecomus-mobile-column--default ecomus-responsive-column ecomus-motion--var(--position) e-con e-parent\" data-id=\"3776ed01\" data-element_type=\"container\">\n\t\t\t\t\t<div class=\"e-con-inner\">\n\t\t\t\t<div class=\"elementor-element elementor-element-39bc6caf elementor-widget elementor-widget-shortcode\" data-id=\"39bc6caf\" data-element_type=\"widget\" data-widget_type=\"shortcode.default\">\n\t\t\t\t\t\t\t<div class=\"elementor-shortcode\"><\/div>\n\t\t\t\t\t\t<\/div>\n\t\t\t\t\t<\/div>\n\t\t\t\t<\/div>\n\t\t\t\t<\/div>","protected":false},"excerpt":{"rendered":"","protected":false},"author":1,"featured_media":0,"parent":0,"menu_order":0,"comment_status":"closed","ping_status":"closed","template":"","meta":{"footnotes":""},"class_list":["post-7030","page","type-page","status-publish","hentry"],"yoast_head":"<!-- This site is optimized with the Yoast SEO plugin v25.4 - https:\/\/yoast.com\/wordpress\/plugins\/seo\/ -->\n<title>Sepetim - Diandra \u0130stanbul<\/title>\n<meta name=\"robots\" content=\"index, follow, max-snippet:-1, max-image-preview:large, max-video-preview:-1\" \/>\n<link rel=\"canonical\" href=\"https:\/\/www.diandraistanbul.com\/en\/sepetim\/\" \/>\n<meta property=\"og:locale\" content=\"en_GB\" \/>\n<meta property=\"og:type\" content=\"article\" \/>\n<meta property=\"og:title\" content=\"Sepetim - Diandra \u0130stanbul\" \/>\n<meta property=\"og:url\" content=\"https:\/\/www.diandraistanbul.com\/en\/sepetim\/\" \/>\n<meta property=\"og:site_name\" content=\"Diandra \u0130stanbul\" \/>\n<meta property=\"article:modified_time\" content=\"2025-07-04T14:27:33+00:00\" \/>\n<meta name=\"twitter:card\" content=\"summary_large_image\" \/>\n<script type=\"application\/ld+json\" class=\"yoast-schema-graph\">{\"@context\":\"https:\/\/schema.org\",\"@graph\":[{\"@type\":\"WebPage\",\"@id\":\"https:\/\/www.diandraistanbul.com\/sepetim\/\",\"url\":\"https:\/\/www.diandraistanbul.com\/sepetim\/\",\"name\":\"Sepetim - Diandra \u0130stanbul\",\"isPartOf\":{\"@id\":\"https:\/\/www.diandraistanbul.com\/#website\"},\"datePublished\":\"2024-07-24T07:17:32+00:00\",\"dateModified\":\"2025-07-04T14:27:33+00:00\",\"breadcrumb\":{\"@id\":\"https:\/\/www.diandraistanbul.com\/sepetim\/#breadcrumb\"},\"inLanguage\":\"en-GB\",\"potentialAction\":[{\"@type\":\"ReadAction\",\"target\":[\"https:\/\/www.diandraistanbul.com\/sepetim\/\"]}]},{\"@type\":\"BreadcrumbList\",\"@id\":\"https:\/\/www.diandraistanbul.com\/sepetim\/#breadcrumb\",\"itemListElement\":[{\"@type\":\"ListItem\",\"position\":1,\"name\":\"Anasayfa\",\"item\":\"https:\/\/www.diandraistanbul.com\/\"},{\"@type\":\"ListItem\",\"position\":2,\"name\":\"Sepetim\"}]},{\"@type\":\"WebSite\",\"@id\":\"https:\/\/www.diandraistanbul.com\/#website\",\"url\":\"https:\/\/www.diandraistanbul.com\/\",\"name\":\"Diandra \u0130stanbul\",\"description\":\"Tak\u0131 Al\u0131\u015fveri\u015fi\",\"potentialAction\":[{\"@type\":\"SearchAction\",\"target\":{\"@type\":\"EntryPoint\",\"urlTemplate\":\"https:\/\/www.diandraistanbul.com\/?s={search_term_string}\"},\"query-input\":{\"@type\":\"PropertyValueSpecification\",\"valueRequired\":true,\"valueName\":\"search_term_string\"}}],\"inLanguage\":\"en-GB\"}]}<\/script>\n<!-- \/ Yoast SEO plugin. -->","yoast_head_json":{"title":"Sepetim - Diandra \u0130stanbul","robots":{"index":"index","follow":"follow","max-snippet":"max-snippet:-1","max-image-preview":"max-image-preview:large","max-video-preview":"max-video-preview:-1"},"canonical":"https:\/\/www.diandraistanbul.com\/en\/sepetim\/","og_locale":"en_GB","og_type":"article","og_title":"Sepetim - Diandra \u0130stanbul","og_url":"https:\/\/www.diandraistanbul.com\/en\/sepetim\/","og_site_name":"Diandra \u0130stanbul","article_modified_time":"2025-07-04T14:27:33+00:00","twitter_card":"summary_large_image","schema":{"@context":"https:\/\/schema.org","@graph":[{"@type":"WebPage","@id":"https:\/\/www.diandraistanbul.com\/sepetim\/","url":"https:\/\/www.diandraistanbul.com\/sepetim\/","name":"Sepetim - Diandra \u0130stanbul","isPartOf":{"@id":"https:\/\/www.diandraistanbul.com\/#website"},"datePublished":"2024-07-24T07:17:32+00:00","dateModified":"2025-07-04T14:27:33+00:00","breadcrumb":{"@id":"https:\/\/www.diandraistanbul.com\/sepetim\/#breadcrumb"},"inLanguage":"en-GB","potentialAction":[{"@type":"ReadAction","target":["https:\/\/www.diandraistanbul.com\/sepetim\/"]}]},{"@type":"BreadcrumbList","@id":"https:\/\/www.diandraistanbul.com\/sepetim\/#breadcrumb","itemListElement":[{"@type":"ListItem","position":1,"name":"Anasayfa","item":"https:\/\/www.diandraistanbul.com\/"},{"@type":"ListItem","position":2,"name":"Sepetim"}]},{"@type":"WebSite","@id":"https:\/\/www.diandraistanbul.com\/#website","url":"https:\/\/www.diandraistanbul.com\/","name":"Diandra \u0130stanbul","description":"Tak\u0131 Al\u0131\u015fveri\u015fi","potentialAction":[{"@type":"SearchAction","target":{"@type":"EntryPoint","urlTemplate":"https:\/\/www.diandraistanbul.com\/?s={search_term_string}"},"query-input":{"@type":"PropertyValueSpecification","valueRequired":true,"valueName":"search_term_string"}}],"inLanguage":"en-GB"}]}},"_links":{"self":[{"href":"https:\/\/www.diandraistanbul.com\/en\/wp-json\/wp\/v2\/pages\/7030","targetHints":{"allow":["GET"]}}],"collection":[{"href":"https:\/\/www.diandraistanbul.com\/en\/wp-json\/wp\/v2\/pages"}],"about":[{"href":"https:\/\/www.diandraistanbul.com\/en\/wp-json\/wp\/v2\/types\/page"}],"author":[{"embeddable":true,"href":"https:\/\/www.diandraistanbul.com\/en\/wp-json\/wp\/v2\/users\/1"}],"replies":[{"embeddable":true,"href":"https:\/\/www.diandraistanbul.com\/en\/wp-json\/wp\/v2\/comments?post=7030"}],"version-history":[{"count":5,"href":"https:\/\/www.diandraistanbul.com\/en\/wp-json\/wp\/v2\/pages\/7030\/revisions"}],"predecessor-version":[{"id":7340,"href":"https:\/\/www.diandraistanbul.com\/en\/wp-json\/wp\/v2\/pages\/7030\/revisions\/7340"}],"wp:attachment":[{"href":"https:\/\/www.diandraistanbul.com\/en\/wp-json\/wp\/v2\/media?parent=7030"}],"curies":[{"name":"wp","href":"https:\/\/api.w.org\/{rel}","templated":true}]}}