{"id":370,"date":"2025-06-10T10:26:48","date_gmt":"2025-06-10T07:26:48","guid":{"rendered":"https:\/\/raw.githubusercontent.com\/drfuri\/demo-content\/main\/ecomus\/fashion\/images\/?page_id=370"},"modified":"2025-07-10T22:33:54","modified_gmt":"2025-07-10T19:33:54","slug":"bize-ulasin","status":"publish","type":"page","link":"https:\/\/www.diandraistanbul.com\/en\/bize-ulasin\/","title":{"rendered":"Contact us"},"content":{"rendered":"<div data-elementor-type=\"wp-page\" data-elementor-id=\"370\" class=\"elementor elementor-370\">\n\t\t\t\t<div class=\"elementor-element elementor-element-6258d236 e-flex e-con-boxed ecomus-responsive-column ecomus-tablet-column--default ecomus-responsive-column ecomus-mobile-column--default ecomus-responsive-column ecomus-motion--var(--position) e-con e-parent\" data-id=\"6258d236\" data-element_type=\"container\">\n\t\t\t\t\t<div class=\"e-con-inner\">\n\t\t<div class=\"elementor-element elementor-element-56b610b5 e-con-full e-flex ecomus-responsive-column ecomus-tablet-column--default ecomus-responsive-column ecomus-mobile-column--default ecomus-responsive-column ecomus-motion--var(--position) e-con e-child\" data-id=\"56b610b5\" data-element_type=\"container\">\n\t\t\t\t<div class=\"elementor-element elementor-element-4e841cda elementor-widget elementor-widget-google_maps\" data-id=\"4e841cda\" data-element_type=\"widget\" data-widget_type=\"google_maps.default\">\n\t\t\t\t\t\t\t<div class=\"elementor-custom-embed\">\n\t\t\t<iframe loading=\"lazy\"\n\t\t\t\t\tsrc=\"https:\/\/maps.google.com\/maps?q=G%C3%B6kt%C3%BCrk%20Merkez%20Mah.%20Y%C3%BCcel%20Sok.%20Aytek%20Evleri%20C%2056%2C%20G%C3%B6kt%C3%BCrk%2C%20%C4%B0stanbul%2C%20T%C3%BCrkiye&#038;t=m&#038;z=12&#038;output=embed&#038;iwloc=near\"\n\t\t\t\t\ttitle=\"Gokturk Merkez Mah. Yucel Sok. Aytek Evleri C 56, Gokturk, Istanbul, Turkey\"\n\t\t\t\t\taria-label=\"Gokturk Merkez Mah. Yucel Sok. Aytek Evleri C 56, Gokturk, Istanbul, Turkey\"\n\t\t\t><\/iframe>\n\t\t<\/div>\n\t\t\t\t\t\t<\/div>\n\t\t\t\t<\/div>\n\t\t<div class=\"elementor-element elementor-element-5d722558 e-con-full e-flex ecomus-responsive-column ecomus-tablet-column--default ecomus-responsive-column ecomus-mobile-column--default ecomus-responsive-column ecomus-motion--var(--position) e-con e-child\" data-id=\"5d722558\" data-element_type=\"container\">\n\t\t\t\t<div class=\"elementor-element elementor-element-b2be454 elementor-widget elementor-widget-heading\" data-id=\"b2be454\" data-element_type=\"widget\" data-widget_type=\"heading.default\">\n\t\t\t\t\t<h4 class=\"elementor-heading-title elementor-size-default\">Store Information<\/h4>\t\t\t\t<\/div>\n\t\t\t\t<div class=\"elementor-element elementor-element-7f62814 elementor-widget elementor-widget-heading\" data-id=\"7f62814\" data-element_type=\"widget\" data-widget_type=\"heading.default\">\n\t\t\t\t\t<h6 class=\"elementor-heading-title elementor-size-default\">Address<\/h6>\t\t\t\t<\/div>\n\t\t\t\t<div class=\"elementor-element elementor-element-41b2eb0d elementor-widget elementor-widget-text-editor\" data-id=\"41b2eb0d\" data-element_type=\"widget\" data-widget_type=\"text-editor.default\">\n\t\t\t\t\t\t\t\t\tAyagaza Mah. Azerbaijan Cad. Vadistanbul 2A Blok No: 69 Sar\u0131yer, Istanbul, Turkey\t\t\t\t\t\t\t\t<\/div>\n\t\t\t\t<div class=\"elementor-element elementor-element-4916b885 elementor-widget elementor-widget-heading\" data-id=\"4916b885\" data-element_type=\"widget\" data-widget_type=\"heading.default\">\n\t\t\t\t\t<h6 class=\"elementor-heading-title elementor-size-default\">Contact Number<\/h6>\t\t\t\t<\/div>\n\t\t\t\t<div class=\"elementor-element elementor-element-63c0c361 elementor-widget elementor-widget-text-editor\" data-id=\"63c0c361\" data-element_type=\"widget\" data-widget_type=\"text-editor.default\">\n\t\t\t\t\t\t\t\t\t<p><a href=\"tel:+905423262040\">+90 542 326 20 40<\/a><\/p>\t\t\t\t\t\t\t\t<\/div>\n\t\t\t\t<div class=\"elementor-element elementor-element-54c7729a elementor-widget elementor-widget-heading\" data-id=\"54c7729a\" data-element_type=\"widget\" data-widget_type=\"heading.default\">\n\t\t\t\t\t<h6 class=\"elementor-heading-title elementor-size-default\">E-Mail Address<\/h6>\t\t\t\t<\/div>\n\t\t\t\t<div class=\"elementor-element elementor-element-1ebab291 elementor-widget elementor-widget-text-editor\" data-id=\"1ebab291\" data-element_type=\"widget\" data-widget_type=\"text-editor.default\">\n\t\t\t\t\t\t\t\t\t<p><a href=\"mailto:info@diandraistanbul.com\">info@diandraistanbul.com<\/a><\/p>\t\t\t\t\t\t\t\t<\/div>\n\t\t\t\t<div class=\"elementor-element elementor-element-41a0441a elementor-widget elementor-widget-heading\" data-id=\"41a0441a\" data-element_type=\"widget\" data-widget_type=\"heading.default\">\n\t\t\t\t\t<h6 class=\"elementor-heading-title elementor-size-default\">Working Hours<\/h6>\t\t\t\t<\/div>\n\t\t\t\t<div class=\"elementor-element elementor-element-7e50047d elementor-widget elementor-widget-text-editor\" data-id=\"7e50047d\" data-element_type=\"widget\" data-widget_type=\"text-editor.default\">\n\t\t\t\t\t\t\t\t\tWeekdays 09:00 - 18:00\n\t\t\t\t\t\t\t\t<\/div>\n\t\t\t\t<div class=\"elementor-element elementor-element-ab38513 ecomus-social-icons__style--solid elementor-widget elementor-widget-ecomus-social-icons\" data-id=\"ab38513\" data-element_type=\"widget\" data-widget_type=\"ecomus-social-icons.default\">\n\t\t\t\t<div class=\"elementor-widget-container\">\n\t\t\t\t\t\t\t<div class=\"ecomus-social-icons__wrapper\">\n\t\t\t\t\t\t\t<a class=\"ecomus-social-icons__item ecomus-social-icon-facebook elementor-repeater-item-0b86def\" target=\"_blank\" aria-label=\"Social\" icon link>\n\t\t\t\t\t\t\t\t\t\t\t<span class=\"ecomus-svg-icon\"><svg class=\"e-font-icon-svg e-fab-facebook\" viewbox=\"0 0 512 512\" xmlns=\"http:\/\/www.w3.org\/2000\/svg\"><path d=\"M504 256C504 119 393 8 256 8S8 119 8 256c0 123.78 90.69 226.38 209.25 245V327.69h-63V256h63v-54.64c0-62.15 37-96.48 93.67-96.48 27.14 0 55.52 4.84 55.52 4.84v61h-31.28c-30.8 0-40.41 19.12-40.41 38.73V256h68.78l-11 71.69h-57.78V501C413.31 482.38 504 379.78 504 256z\"><\/path><\/svg><\/span>\t\t\t\t\t\t\t\t\t<\/a>\n\t\t\t\t\t\t\t<a class=\"ecomus-social-icons__item ecomus-social-icon-twitter elementor-repeater-item-3dcf7f3\" target=\"_blank\" aria-label=\"Social\" icon link>\n\t\t\t\t\t\t\t\t\t\t\t<span class=\"ecomus-svg-icon\"><svg class=\"e-font-icon-svg e-fab-twitter\" viewbox=\"0 0 512 512\" xmlns=\"http:\/\/www.w3.org\/2000\/svg\"><path d=\"M459.37 151.716c.325 4.548.325 9.097.325 13.645 0 138.72-105.583 298.558-298.558 298.558-59.452 0-114.68-17.219-161.137-47.106 8.447.974 16.568 1.299 25.34 1.299 49.055 0 94.213-16.568 130.274-44.832-46.132-.975-84.792-31.188-98.112-72.772 6.498.974 12.995 1.624 19.818 1.624 9.421 0 18.843-1.3 27.614-3.573-48.081-9.747-84.143-51.98-84.143-102.985v-1.299c13.969 7.797 30.214 12.67 47.431 13.319-28.264-18.843-46.781-51.005-46.781-87.391 0-19.492 5.197-37.36 14.294-52.954 51.655 63.675 129.3 105.258 216.365 109.807-1.624-7.797-2.599-15.918-2.599-24.04 0-57.828 46.782-104.934 104.934-104.934 30.213 0 57.502 12.67 76.67 33.137 23.715-4.548 46.456-13.32 66.599-25.34-7.798 24.366-24.366 44.833-46.132 57.827 21.117-2.273 41.584-8.122 60.426-16.243-14.292 20.791-32.161 39.308-52.628 54.253z\"><\/path><\/svg><\/span>\t\t\t\t\t\t\t\t\t<\/a>\n\t\t\t\t\t\t\t<a class=\"ecomus-social-icons__item ecomus-social-icon-instagram elementor-repeater-item-4df536f\" href=\"https:\/\/www.instagram.com\/diandra_istanbul\/\" target=\"_blank\" aria-label=\"Social\" icon link>\n\t\t\t\t\t\t\t\t\t\t\t<span class=\"ecomus-svg-icon\"><svg class=\"e-font-icon-svg e-fab-instagram\" viewbox=\"0 0 448 512\" xmlns=\"http:\/\/www.w3.org\/2000\/svg\"><path d=\"M224.1 141c-63.6 0-114.9 51.3-114.9 114.9s51.3 114.9 114.9 114.9S339 319.5 339 255.9 287.7 141 224.1 141zm0 189.6c-41.1 0-74.7-33.5-74.7-74.7s33.5-74.7 74.7-74.7 74.7 33.5 74.7 74.7-33.6 74.7-74.7 74.7zm146.4-194.3c0 14.9-12 26.8-26.8 26.8-14.9 0-26.8-12-26.8-26.8s12-26.8 26.8-26.8 26.8 12 26.8 26.8zm76.1 27.2c-1.7-35.9-9.9-67.7-36.2-93.9-26.2-26.2-58-34.4-93.9-36.2-37-2.1-147.9-2.1-184.9 0-35.8 1.7-67.6 9.9-93.9 36.1s-34.4 58-36.2 93.9c-2.1 37-2.1 147.9 0 184.9 1.7 35.9 9.9 67.7 36.2 93.9s58 34.4 93.9 36.2c37 2.1 147.9 2.1 184.9 0 35.9-1.7 67.7-9.9 93.9-36.2 26.2-26.2 34.4-58 36.2-93.9 2.1-37 2.1-147.8 0-184.8zM398.8 388c-7.8 19.6-22.9 34.7-42.6 42.6-29.5 11.7-99.5 9-132.1 9s-102.7 2.6-132.1-9c-19.6-7.8-34.7-22.9-42.6-42.6-11.7-29.5-9-99.5-9-132.1s-2.6-102.7 9-132.1c7.8-19.6 22.9-34.7 42.6-42.6 29.5-11.7 99.5-9 132.1-9s102.7-2.6 132.1 9c19.6 7.8 34.7 22.9 42.6 42.6 11.7 29.5 9 99.5 9 132.1s2.7 102.7-9 132.1z\"><\/path><\/svg><\/span>\t\t\t\t\t\t\t\t\t<\/a>\n\t\t\t\t\t<\/div>\n\t\t\t\t\t\t<\/div>\n\t\t\t\t<\/div>\n\t\t\t\t<\/div>\n\t\t\t\t\t<\/div>\n\t\t\t\t<\/div>\n\t\t<div class=\"elementor-element elementor-element-652e20f3 e-flex e-con-boxed ecomus-responsive-column ecomus-tablet-column--default ecomus-responsive-column ecomus-mobile-column--default ecomus-responsive-column ecomus-motion--var(--position) e-con e-parent\" data-id=\"652e20f3\" data-element_type=\"container\" data-settings=\"{&quot;background_background&quot;:&quot;classic&quot;}\">\n\t\t\t\t\t<div class=\"e-con-inner\">\n\t\t<div class=\"elementor-element elementor-element-460da689 e-con-full e-flex ecomus-responsive-column ecomus-tablet-column--default ecomus-responsive-column ecomus-mobile-column--default ecomus-responsive-column ecomus-motion--var(--position) e-con e-child\" data-id=\"460da689\" data-element_type=\"container\">\n\t\t\t\t<div class=\"elementor-element elementor-element-5de4e1b elementor-widget elementor-widget-heading\" data-id=\"5de4e1b\" data-element_type=\"widget\" data-widget_type=\"heading.default\">\n\t\t\t\t\t<h4 class=\"elementor-heading-title elementor-size-default\">Contact Form<\/h4>\t\t\t\t<\/div>\n\t\t\t\t<div class=\"elementor-element elementor-element-2648572c elementor-widget elementor-widget-text-editor\" data-id=\"2648572c\" data-element_type=\"widget\" data-widget_type=\"text-editor.default\">\n\t\t\t\t\t\t\t\t\tYou can contact us for any questions, suggestions or requests. You can get the support you need quickly by filling out the form below.\t\t\t\t\t\t\t\t<\/div>\n\t\t\t\t<div class=\"elementor-element elementor-element-1cc744be elementor-widget elementor-widget-ecomus-contact-form\" data-id=\"1cc744be\" data-element_type=\"widget\" data-widget_type=\"ecomus-contact-form.default\">\n\t\t\t\t<div class=\"elementor-widget-container\">\n\t\t\t\t\t\t\t<div class=\"ecomus-contact-form ecomus-custom-button--skin\">\n\t\t\t<div class=\"wpforms-container wpforms-render-modern\" id=\"wpforms-8326\"><form id=\"wpforms-form-8326\" class=\"wpforms-validate wpforms-form wpforms-ajax-form\" data-formid=\"8326\" method=\"post\" enctype=\"multipart\/form-data\" action=\"\/en\/wp-json\/wp\/v2\/pages\/370\" data-token=\"ac2f1beaf0f1e09b943fc1a795fe9e8c\" data-trp-original-action=\"\/en\/wp-json\/wp\/v2\/pages\/370\"><noscript class=\"wpforms-error-noscript\">Please enable JavaScript in your browser to complete this form.<\/noscript><div class=\"wpforms-hidden\" id=\"wpforms-error-noscript\">Please enable JavaScript in your browser to complete this form.<\/div><div class=\"wpforms-field-container\"><div id=\"wpforms-8326-field_2-container\" class=\"wpforms-field wpforms-field-layout\" data-field-id=\"2\"><label class=\"wpforms-field-label wpforms-label-hide\" for=\"wpforms-8326-field_2\" aria-hidden=\"false\">Settlement<\/label><div class=\"wpforms-field-layout-columns wpforms-field-layout-preset-50-50\"><div class=\"wpforms-layout-column wpforms-layout-column-50\"><div id=\"wpforms-8326-field_1-container\" class=\"wpforms-field wpforms-field-name\" data-field-id=\"1\"><label class=\"wpforms-field-label\" for=\"wpforms-8326-field_1\">Name Surname <span class=\"wpforms-required-label\" aria-hidden=\"true\">*<\/span><\/label><input type=\"text\" id=\"wpforms-8326-field_1\" class=\"wpforms-field-large wpforms-field-required\" name=\"wpforms[fields][1]\" aria-errormessage=\"wpforms-8326-field_1-error\" required><\/div><div id=\"wpforms-8326-field_4-container\" class=\"wpforms-field wpforms-field-email\" data-field-id=\"4\"><label class=\"wpforms-field-label\" for=\"wpforms-8326-field_4\">E-Mail Address <span class=\"wpforms-required-label\" aria-hidden=\"true\">*<\/span><\/label><input type=\"email\" id=\"wpforms-8326-field_4\" class=\"wpforms-field-medium wpforms-field-required\" name=\"wpforms[fields][4]\" spellcheck=\"false\" aria-errormessage=\"wpforms-8326-field_4-error\" required><\/div><\/div><div class=\"wpforms-layout-column wpforms-layout-column-50\"><div id=\"wpforms-8326-field_3-container\" class=\"wpforms-field wpforms-field-phone\" data-field-id=\"3\"><label class=\"wpforms-field-label\" for=\"wpforms-8326-field_3\">Telephone No<\/label><input type=\"tel\" id=\"wpforms-8326-field_3\" class=\"wpforms-field-medium wpforms-smart-phone-field\" data-rule-smart-phone-field=\"true\" name=\"wpforms[fields][3]\" aria-errormessage=\"wpforms-8326-field_3-error\" ><\/div><div id=\"wpforms-8326-field_5-container\" class=\"wpforms-field wpforms-field-text\" data-field-id=\"5\"><label class=\"wpforms-field-label\" for=\"wpforms-8326-field_5\">Subject<\/label><input type=\"text\" id=\"wpforms-8326-field_5\" class=\"wpforms-field-medium\" name=\"wpforms[fields][5]\" aria-errormessage=\"wpforms-8326-field_5-error\" ><\/div><\/div><\/div><\/div><div id=\"wpforms-8326-field_6-container\" class=\"wpforms-field wpforms-field-textarea\" data-field-id=\"6\"><label class=\"wpforms-field-label\" for=\"wpforms-8326-field_6\">Your message <span class=\"wpforms-required-label\" aria-hidden=\"true\">*<\/span><\/label><textarea id=\"wpforms-8326-field_6\" class=\"wpforms-field-medium wpforms-field-required\" name=\"wpforms[fields][6]\" aria-errormessage=\"wpforms-8326-field_6-error\" required><\/textarea><\/div><\/div><!-- .wpforms-field-container --><div class=\"wpforms-submit-container\" ><input type=\"hidden\" name=\"wpforms[id]\" value=\"8326\"><input type=\"hidden\" name=\"wpforms[author]\" value=\"1\"><button type=\"submit\" name=\"wpforms[submit]\" id=\"wpforms-submit-8326\" class=\"wpforms-submit\" data-alt-text=\"G\u00f6nderiliyor...\" data-submit-text=\"G\u00f6nder\" aria-live=\"assertive\" value=\"wpforms-submit\">Send<\/button><img decoding=\"async\" src=\"https:\/\/www.diandraistanbul.com\/wp-content\/plugins\/wpforms\/assets\/images\/submit-spin.svg\" class=\"wpforms-submit-spinner\" style=\"display: none;\" width=\"26\" height=\"26\" alt=\"Loading\"><\/div><input type=\"hidden\" name=\"trp-form-language\" value=\"en\"\/><\/form><\/div>  <!-- .wpforms-container -->\t\t<\/div>\n\t\t\t\t\t\t<\/div>\n\t\t\t\t<\/div>\n\t\t\t\t<\/div>\n\t\t\t\t\t<\/div>\n\t\t\t\t<\/div>\n\t\t\t\t<\/div>","protected":false},"excerpt":{"rendered":"<p>Ma\u011faza Bilgileri Adres Aya\u011faza Mah. Azerbaycan Cad. Vadistanbul 2A Blok No: 69 Sar\u0131yer, \u0130stanbul, T\u00fcrkiye \u0130leti\u015fim Numaras\u0131 +90 542 326 20 40 E-Posta Adresi info@diandraistanbul.com \u00c7al\u0131\u015fma Saatleri Hafta i\u00e7i 09:00 &#8211; 18:00 \u0130leti\u015fim Formu Herhangi bir sorunuz, \u00f6neriniz veya talebiniz i\u00e7in bizimle ileti\u015fime ge\u00e7ebilirsiniz. A\u015fa\u011f\u0131daki formu doldurarak ihtiyac\u0131n\u0131z olan deste\u011fi h\u0131zl\u0131 bir \u015fekilde alabilirsiniz. Bu [&hellip;]<\/p>","protected":false},"author":1,"featured_media":0,"parent":0,"menu_order":0,"comment_status":"closed","ping_status":"closed","template":"","meta":{"footnotes":""},"class_list":["post-370","page","type-page","status-publish","hentry"],"yoast_head":"<!-- This site is optimized with the Yoast SEO plugin v25.4 - https:\/\/yoast.com\/wordpress\/plugins\/seo\/ -->\n<title>Bize Ula\u015f\u0131n - Diandra \u0130stanbul<\/title>\n<meta name=\"robots\" content=\"index, follow, max-snippet:-1, max-image-preview:large, max-video-preview:-1\" \/>\n<link rel=\"canonical\" href=\"https:\/\/www.diandraistanbul.com\/en\/bize-ulasin\/\" \/>\n<meta property=\"og:locale\" content=\"en_GB\" \/>\n<meta property=\"og:type\" content=\"article\" \/>\n<meta property=\"og:title\" content=\"Bize Ula\u015f\u0131n - Diandra \u0130stanbul\" \/>\n<meta property=\"og:description\" content=\"Ma\u011faza Bilgileri Adres Aya\u011faza Mah. Azerbaycan Cad. Vadistanbul 2A Blok No: 69 Sar\u0131yer, \u0130stanbul, T\u00fcrkiye \u0130leti\u015fim Numaras\u0131 +90 542 326 20 40 E-Posta Adresi info@diandraistanbul.com \u00c7al\u0131\u015fma Saatleri Hafta i\u00e7i 09:00 &#8211; 18:00 \u0130leti\u015fim Formu Herhangi bir sorunuz, \u00f6neriniz veya talebiniz i\u00e7in bizimle ileti\u015fime ge\u00e7ebilirsiniz. A\u015fa\u011f\u0131daki formu doldurarak ihtiyac\u0131n\u0131z olan deste\u011fi h\u0131zl\u0131 bir \u015fekilde alabilirsiniz. Bu [&hellip;]\" \/>\n<meta property=\"og:url\" content=\"https:\/\/www.diandraistanbul.com\/en\/bize-ulasin\/\" \/>\n<meta property=\"og:site_name\" content=\"Diandra \u0130stanbul\" \/>\n<meta property=\"article:modified_time\" content=\"2025-07-10T19:33:54+00:00\" \/>\n<meta property=\"og:image\" content=\"https:\/\/www.diandraistanbul.com\/wp-content\/plugins\/wpforms\/assets\/images\/submit-spin.svg\" \/>\n<meta name=\"twitter:card\" content=\"summary_large_image\" \/>\n<meta name=\"twitter:label1\" content=\"Estimated reading time\" \/>\n\t<meta name=\"twitter:data1\" content=\"1 minute\" \/>\n<script type=\"application\/ld+json\" class=\"yoast-schema-graph\">{\"@context\":\"https:\/\/schema.org\",\"@graph\":[{\"@type\":\"WebPage\",\"@id\":\"https:\/\/www.diandraistanbul.com\/bize-ulasin\/\",\"url\":\"https:\/\/www.diandraistanbul.com\/bize-ulasin\/\",\"name\":\"Bize Ula\u015f\u0131n - Diandra \u0130stanbul\",\"isPartOf\":{\"@id\":\"https:\/\/www.diandraistanbul.com\/#website\"},\"primaryImageOfPage\":{\"@id\":\"https:\/\/www.diandraistanbul.com\/bize-ulasin\/#primaryimage\"},\"image\":{\"@id\":\"https:\/\/www.diandraistanbul.com\/bize-ulasin\/#primaryimage\"},\"thumbnailUrl\":\"https:\/\/www.diandraistanbul.com\/wp-content\/plugins\/wpforms\/assets\/images\/submit-spin.svg\",\"datePublished\":\"2025-06-10T07:26:48+00:00\",\"dateModified\":\"2025-07-10T19:33:54+00:00\",\"breadcrumb\":{\"@id\":\"https:\/\/www.diandraistanbul.com\/bize-ulasin\/#breadcrumb\"},\"inLanguage\":\"en-GB\",\"potentialAction\":[{\"@type\":\"ReadAction\",\"target\":[\"https:\/\/www.diandraistanbul.com\/bize-ulasin\/\"]}]},{\"@type\":\"ImageObject\",\"inLanguage\":\"en-GB\",\"@id\":\"https:\/\/www.diandraistanbul.com\/bize-ulasin\/#primaryimage\",\"url\":\"https:\/\/www.diandraistanbul.com\/wp-content\/plugins\/wpforms\/assets\/images\/submit-spin.svg\",\"contentUrl\":\"https:\/\/www.diandraistanbul.com\/wp-content\/plugins\/wpforms\/assets\/images\/submit-spin.svg\"},{\"@type\":\"BreadcrumbList\",\"@id\":\"https:\/\/www.diandraistanbul.com\/bize-ulasin\/#breadcrumb\",\"itemListElement\":[{\"@type\":\"ListItem\",\"position\":1,\"name\":\"Anasayfa\",\"item\":\"https:\/\/www.diandraistanbul.com\/\"},{\"@type\":\"ListItem\",\"position\":2,\"name\":\"Bize Ula\u015f\u0131n\"}]},{\"@type\":\"WebSite\",\"@id\":\"https:\/\/www.diandraistanbul.com\/#website\",\"url\":\"https:\/\/www.diandraistanbul.com\/\",\"name\":\"Diandra \u0130stanbul\",\"description\":\"Tak\u0131 Al\u0131\u015fveri\u015fi\",\"potentialAction\":[{\"@type\":\"SearchAction\",\"target\":{\"@type\":\"EntryPoint\",\"urlTemplate\":\"https:\/\/www.diandraistanbul.com\/?s={search_term_string}\"},\"query-input\":{\"@type\":\"PropertyValueSpecification\",\"valueRequired\":true,\"valueName\":\"search_term_string\"}}],\"inLanguage\":\"en-GB\"}]}<\/script>\n<!-- \/ Yoast SEO plugin. -->","yoast_head_json":{"title":"Bize Ula\u015f\u0131n - Diandra \u0130stanbul","robots":{"index":"index","follow":"follow","max-snippet":"max-snippet:-1","max-image-preview":"max-image-preview:large","max-video-preview":"max-video-preview:-1"},"canonical":"https:\/\/www.diandraistanbul.com\/en\/bize-ulasin\/","og_locale":"en_GB","og_type":"article","og_title":"Bize Ula\u015f\u0131n - Diandra \u0130stanbul","og_description":"Ma\u011faza Bilgileri Adres Aya\u011faza Mah. Azerbaycan Cad. Vadistanbul 2A Blok No: 69 Sar\u0131yer, \u0130stanbul, T\u00fcrkiye \u0130leti\u015fim Numaras\u0131 +90 542 326 20 40 E-Posta Adresi info@diandraistanbul.com \u00c7al\u0131\u015fma Saatleri Hafta i\u00e7i 09:00 &#8211; 18:00 \u0130leti\u015fim Formu Herhangi bir sorunuz, \u00f6neriniz veya talebiniz i\u00e7in bizimle ileti\u015fime ge\u00e7ebilirsiniz. A\u015fa\u011f\u0131daki formu doldurarak ihtiyac\u0131n\u0131z olan deste\u011fi h\u0131zl\u0131 bir \u015fekilde alabilirsiniz. Bu [&hellip;]","og_url":"https:\/\/www.diandraistanbul.com\/en\/bize-ulasin\/","og_site_name":"Diandra \u0130stanbul","article_modified_time":"2025-07-10T19:33:54+00:00","og_image":[{"url":"https:\/\/www.diandraistanbul.com\/wp-content\/plugins\/wpforms\/assets\/images\/submit-spin.svg","type":"","width":"","height":""}],"twitter_card":"summary_large_image","twitter_misc":{"Estimated reading time":"1 minute"},"schema":{"@context":"https:\/\/schema.org","@graph":[{"@type":"WebPage","@id":"https:\/\/www.diandraistanbul.com\/bize-ulasin\/","url":"https:\/\/www.diandraistanbul.com\/bize-ulasin\/","name":"Bize Ula\u015f\u0131n - Diandra \u0130stanbul","isPartOf":{"@id":"https:\/\/www.diandraistanbul.com\/#website"},"primaryImageOfPage":{"@id":"https:\/\/www.diandraistanbul.com\/bize-ulasin\/#primaryimage"},"image":{"@id":"https:\/\/www.diandraistanbul.com\/bize-ulasin\/#primaryimage"},"thumbnailUrl":"https:\/\/www.diandraistanbul.com\/wp-content\/plugins\/wpforms\/assets\/images\/submit-spin.svg","datePublished":"2025-06-10T07:26:48+00:00","dateModified":"2025-07-10T19:33:54+00:00","breadcrumb":{"@id":"https:\/\/www.diandraistanbul.com\/bize-ulasin\/#breadcrumb"},"inLanguage":"en-GB","potentialAction":[{"@type":"ReadAction","target":["https:\/\/www.diandraistanbul.com\/bize-ulasin\/"]}]},{"@type":"ImageObject","inLanguage":"en-GB","@id":"https:\/\/www.diandraistanbul.com\/bize-ulasin\/#primaryimage","url":"https:\/\/www.diandraistanbul.com\/wp-content\/plugins\/wpforms\/assets\/images\/submit-spin.svg","contentUrl":"https:\/\/www.diandraistanbul.com\/wp-content\/plugins\/wpforms\/assets\/images\/submit-spin.svg"},{"@type":"BreadcrumbList","@id":"https:\/\/www.diandraistanbul.com\/bize-ulasin\/#breadcrumb","itemListElement":[{"@type":"ListItem","position":1,"name":"Anasayfa","item":"https:\/\/www.diandraistanbul.com\/"},{"@type":"ListItem","position":2,"name":"Bize Ula\u015f\u0131n"}]},{"@type":"WebSite","@id":"https:\/\/www.diandraistanbul.com\/#website","url":"https:\/\/www.diandraistanbul.com\/","name":"Diandra \u0130stanbul","description":"Tak\u0131 Al\u0131\u015fveri\u015fi","potentialAction":[{"@type":"SearchAction","target":{"@type":"EntryPoint","urlTemplate":"https:\/\/www.diandraistanbul.com\/?s={search_term_string}"},"query-input":{"@type":"PropertyValueSpecification","valueRequired":true,"valueName":"search_term_string"}}],"inLanguage":"en-GB"}]}},"_links":{"self":[{"href":"https:\/\/www.diandraistanbul.com\/en\/wp-json\/wp\/v2\/pages\/370","targetHints":{"allow":["GET"]}}],"collection":[{"href":"https:\/\/www.diandraistanbul.com\/en\/wp-json\/wp\/v2\/pages"}],"about":[{"href":"https:\/\/www.diandraistanbul.com\/en\/wp-json\/wp\/v2\/types\/page"}],"author":[{"embeddable":true,"href":"https:\/\/www.diandraistanbul.com\/en\/wp-json\/wp\/v2\/users\/1"}],"replies":[{"embeddable":true,"href":"https:\/\/www.diandraistanbul.com\/en\/wp-json\/wp\/v2\/comments?post=370"}],"version-history":[{"count":64,"href":"https:\/\/www.diandraistanbul.com\/en\/wp-json\/wp\/v2\/pages\/370\/revisions"}],"predecessor-version":[{"id":8525,"href":"https:\/\/www.diandraistanbul.com\/en\/wp-json\/wp\/v2\/pages\/370\/revisions\/8525"}],"wp:attachment":[{"href":"https:\/\/www.diandraistanbul.com\/en\/wp-json\/wp\/v2\/media?parent=370"}],"curies":[{"name":"wp","href":"https:\/\/api.w.org\/{rel}","templated":true}]}}